{"id":10195,"date":"2025-07-16T13:04:22","date_gmt":"2025-07-16T13:04:22","guid":{"rendered":"https:\/\/evolvenmaterials.com\/?page_id=10195"},"modified":"2025-09-17T14:28:30","modified_gmt":"2025-09-17T14:28:30","slug":"sourcing","status":"publish","type":"page","link":"https:\/\/evolvenmaterials.com\/es\/sourcing\/","title":{"rendered":"Proveedores"},"content":{"rendered":"<div data-elementor-type=\"wp-page\" data-elementor-id=\"10195\" class=\"elementor elementor-10195\" data-elementor-post-type=\"page\">\n\t\t\t\t<div class=\"elementor-element elementor-element-48701973 e-flex e-con-boxed e-con e-parent\" data-id=\"48701973\" data-element_type=\"container\">\n\t\t\t\t\t<div class=\"e-con-inner\">\n\t\t<div class=\"elementor-element elementor-element-2215246 e-con-full e-flex e-con e-child\" data-id=\"2215246\" data-element_type=\"container\">\n\t\t\t\t<div class=\"elementor-element elementor-element-4b9ec33c elementor-invisible elementor-widget elementor-widget-heading\" data-id=\"4b9ec33c\" data-element_type=\"widget\" data-settings=\"{&quot;_animation&quot;:&quot;fadeInUp&quot;}\" data-widget_type=\"heading.default\">\n\t\t\t\t<div class=\"elementor-widget-container\">\n\t\t\t\t\t<h6 class=\"elementor-heading-title elementor-size-default\">SERVICIO ESPECIAL<\/h6>\t\t\t\t<\/div>\n\t\t\t\t<\/div>\n\t\t\t\t<div class=\"elementor-element elementor-element-1c8d44da elementor-invisible elementor-widget elementor-widget-heading\" data-id=\"1c8d44da\" data-element_type=\"widget\" data-settings=\"{&quot;_animation&quot;:&quot;fadeInUp&quot;}\" data-widget_type=\"heading.default\">\n\t\t\t\t<div class=\"elementor-widget-container\">\n\t\t\t\t\t<h3 class=\"elementor-heading-title elementor-size-default\">Tu socio de Suministro en Materiales de Construcci\u00f3n<\/h3>\t\t\t\t<\/div>\n\t\t\t\t<\/div>\n\t\t\t\t<div class=\"elementor-element elementor-element-299a6160 elementor-invisible elementor-widget elementor-widget-text-editor\" data-id=\"299a6160\" data-element_type=\"widget\" data-settings=\"{&quot;_animation&quot;:&quot;fadeInUp&quot;,&quot;_animation_delay&quot;:150}\" data-widget_type=\"text-editor.default\">\n\t\t\t\t<div class=\"elementor-widget-container\">\n\t\t\t\t\t\t\t\t\t<p data-start=\"1250\" data-end=\"1716\">Te ayudamos a abastecerte de materiales de construcci\u00f3n directamente desde China, de forma eficiente y segura, y adaptados a las especificaciones, plazos y requisitos de dise\u00f1o de tu proyecto.<\/p>\t\t\t\t\t\t\t\t<\/div>\n\t\t\t\t<\/div>\n\t\t\t\t<\/div>\n\t\t<div class=\"elementor-element elementor-element-72853e61 e-con-full e-flex e-con e-child\" data-id=\"72853e61\" data-element_type=\"container\">\n\t\t\t\t<div class=\"elementor-element elementor-element-28cdf1ec elementor-invisible elementor-widget elementor-widget-image\" data-id=\"28cdf1ec\" data-element_type=\"widget\" data-settings=\"{&quot;_animation&quot;:&quot;fadeInUp&quot;}\" data-widget_type=\"image.default\">\n\t\t\t\t<div class=\"elementor-widget-container\">\n\t\t\t\t\t\t\t\t\t\t\t\t\t\t\t<img fetchpriority=\"high\" decoding=\"async\" width=\"768\" height=\"1344\" src=\"https:\/\/evolvenmaterials.com\/wp-content\/uploads\/2025\/09\/freepik__the-style-is-candid-image-photography-with-natural__36915.jpeg\" class=\"attachment-full size-full wp-image-10528\" alt=\"\" srcset=\"https:\/\/evolvenmaterials.com\/wp-content\/uploads\/2025\/09\/freepik__the-style-is-candid-image-photography-with-natural__36915.jpeg 768w, https:\/\/evolvenmaterials.com\/wp-content\/uploads\/2025\/09\/freepik__the-style-is-candid-image-photography-with-natural__36915-171x300.jpeg 171w, https:\/\/evolvenmaterials.com\/wp-content\/uploads\/2025\/09\/freepik__the-style-is-candid-image-photography-with-natural__36915-585x1024.jpeg 585w, https:\/\/evolvenmaterials.com\/wp-content\/uploads\/2025\/09\/freepik__the-style-is-candid-image-photography-with-natural__36915-600x1050.jpeg 600w\" sizes=\"(max-width: 768px) 100vw, 768px\" \/>\t\t\t\t\t\t\t\t\t\t\t\t\t\t\t<\/div>\n\t\t\t\t<\/div>\n\t\t\t\t<\/div>\n\t\t<div class=\"elementor-element elementor-element-38662c2e e-con-full e-flex e-con e-child\" data-id=\"38662c2e\" data-element_type=\"container\">\n\t\t\t\t<div class=\"elementor-element elementor-element-1cec4cd elementor-widget elementor-widget-text-editor\" data-id=\"1cec4cd\" data-element_type=\"widget\" data-widget_type=\"text-editor.default\">\n\t\t\t\t<div class=\"elementor-widget-container\">\n\t\t\t\t\t\t\t\t\t<ul><li data-start=\"1744\" data-end=\"1865\"><p data-start=\"1746\" data-end=\"1865\"><strong data-start=\"1746\" data-end=\"1770\">Enfoque en construcci\u00f3n<\/strong><br data-start=\"1770\" data-end=\"1773\" \/>Solo abastecemos materiales utilizados en construcci\u00f3n residencial, comercial e infraestructura.<\/p><\/li><li data-start=\"1867\" data-end=\"1996\"><p data-start=\"1869\" data-end=\"1996\"><strong data-start=\"1869\" data-end=\"1894\">Directo de F\u00e1bricas<\/strong><br data-start=\"1894\" data-end=\"1897\" \/>Trabajamos con fabricantes verificados en toda China para garantizar fiabilidad del producto y eficiencia de costos.<\/p><\/li><li data-start=\"1998\" data-end=\"2128\"><p data-start=\"2000\" data-end=\"2128\"><strong data-start=\"2000\" data-end=\"2025\">Especificaciones a Medida<\/strong><br data-start=\"2025\" data-end=\"2028\" \/>Ajustamos exactamente los requisitos t\u00e9cnicos: dimensiones, certificaciones, terminaciones, est\u00e1ndares de durabilidad.<\/p><\/li><li data-start=\"2130\" data-end=\"2255\"><p data-start=\"2132\" data-end=\"2255\"><strong data-start=\"2132\" data-end=\"2154\">Soporte Completo<\/strong><br data-start=\"2154\" data-end=\"2157\" \/>Desde la selecci\u00f3n de f\u00e1brica hasta el env\u00edo internacional y la documentaci\u00f3n: gestionamos todo el proceso.<\/p><\/li><li data-start=\"2257\" data-end=\"2389\"><p data-start=\"2259\" data-end=\"2389\"><strong data-start=\"2259\" data-end=\"2289\">Comunicaci\u00f3n Multiling\u00fce<\/strong><br data-start=\"2289\" data-end=\"2292\" \/>Nuestro equipo opera en ingl\u00e9s, espa\u00f1ol y chino para asegurar una coordinaci\u00f3n fluida en todas las etapas.<\/p><\/li><\/ul>\t\t\t\t\t\t\t\t<\/div>\n\t\t\t\t<\/div>\n\t\t\t\t<\/div>\n\t\t\t\t\t<\/div>\n\t\t\t\t<\/div>\n\t\t<div class=\"elementor-element elementor-element-e02a14d e-flex e-con-boxed e-con e-parent\" data-id=\"e02a14d\" data-element_type=\"container\">\n\t\t\t\t\t<div class=\"e-con-inner\">\n\t\t<div class=\"elementor-element elementor-element-ba684bc e-con-full e-flex e-con e-child\" data-id=\"ba684bc\" data-element_type=\"container\">\n\t\t<div class=\"elementor-element elementor-element-7665425 e-con-full e-flex e-con e-child\" data-id=\"7665425\" data-element_type=\"container\">\n\t\t\t\t<div class=\"elementor-element elementor-element-53e5773 elementor-invisible elementor-widget elementor-widget-heading\" data-id=\"53e5773\" data-element_type=\"widget\" data-settings=\"{&quot;_animation&quot;:&quot;fadeInUp&quot;}\" data-widget_type=\"heading.default\">\n\t\t\t\t<div class=\"elementor-widget-container\">\n\t\t\t\t\t<h6 class=\"elementor-heading-title elementor-size-default\">Proceso<\/h6>\t\t\t\t<\/div>\n\t\t\t\t<\/div>\n\t\t\t\t<\/div>\n\t\t<div class=\"elementor-element elementor-element-9f054d7 e-con-full e-flex e-con e-child\" data-id=\"9f054d7\" data-element_type=\"container\">\n\t\t\t\t<div class=\"elementor-element elementor-element-88dc008 elementor-invisible elementor-widget elementor-widget-heading\" data-id=\"88dc008\" data-element_type=\"widget\" data-settings=\"{&quot;_animation&quot;:&quot;fadeInUp&quot;}\" data-widget_type=\"heading.default\">\n\t\t\t\t<div class=\"elementor-widget-container\">\n\t\t\t\t\t<h4 class=\"elementor-heading-title elementor-size-default\">Compra directa desde China, en s\u00f3lo 3 pasos:<\/h4>\t\t\t\t<\/div>\n\t\t\t\t<\/div>\n\t\t\t\t<div class=\"elementor-element elementor-element-53fafc8 elementor-widget elementor-widget-text-editor\" data-id=\"53fafc8\" data-element_type=\"widget\" data-widget_type=\"text-editor.default\">\n\t\t\t\t<div class=\"elementor-widget-container\">\n\t\t\t\t\t\t\t\t\t<p>Aprovisionamiento racionalizado en 3 pasos: selecci\u00f3n, presupuesto personalizado y log\u00edstica coordinada desde China, lo que garantiza la fiabilidad.<\/p>\t\t\t\t\t\t\t\t<\/div>\n\t\t\t\t<\/div>\n\t\t\t\t<\/div>\n\t\t<div class=\"elementor-element elementor-element-362609d e-con-full e-flex e-con e-child\" data-id=\"362609d\" data-element_type=\"container\">\n\t\t\t\t<div class=\"elementor-element elementor-element-663dc80 elementor-invisible elementor-widget elementor-widget-image\" data-id=\"663dc80\" data-element_type=\"widget\" data-settings=\"{&quot;_animation&quot;:&quot;fadeInUp&quot;}\" data-widget_type=\"image.default\">\n\t\t\t\t<div class=\"elementor-widget-container\">\n\t\t\t\t\t\t\t\t\t\t\t\t\t\t\t<img decoding=\"async\" width=\"2500\" height=\"1668\" src=\"https:\/\/evolvenmaterials.com\/wp-content\/uploads\/2025\/09\/office-desk-with-stationary-2025-01-29-12-21-45-utc.jpg\" class=\"attachment-full size-full wp-image-10376\" alt=\"\" srcset=\"https:\/\/evolvenmaterials.com\/wp-content\/uploads\/2025\/09\/office-desk-with-stationary-2025-01-29-12-21-45-utc.jpg 2500w, https:\/\/evolvenmaterials.com\/wp-content\/uploads\/2025\/09\/office-desk-with-stationary-2025-01-29-12-21-45-utc-300x200.jpg 300w, https:\/\/evolvenmaterials.com\/wp-content\/uploads\/2025\/09\/office-desk-with-stationary-2025-01-29-12-21-45-utc-1024x683.jpg 1024w, https:\/\/evolvenmaterials.com\/wp-content\/uploads\/2025\/09\/office-desk-with-stationary-2025-01-29-12-21-45-utc-768x512.jpg 768w, https:\/\/evolvenmaterials.com\/wp-content\/uploads\/2025\/09\/office-desk-with-stationary-2025-01-29-12-21-45-utc-1536x1025.jpg 1536w, https:\/\/evolvenmaterials.com\/wp-content\/uploads\/2025\/09\/office-desk-with-stationary-2025-01-29-12-21-45-utc-2048x1366.jpg 2048w, https:\/\/evolvenmaterials.com\/wp-content\/uploads\/2025\/09\/office-desk-with-stationary-2025-01-29-12-21-45-utc-600x400.jpg 600w\" sizes=\"(max-width: 2500px) 100vw, 2500px\" \/>\t\t\t\t\t\t\t\t\t\t\t\t\t\t\t<\/div>\n\t\t\t\t<\/div>\n\t\t\t\t<\/div>\n\t\t\t\t<\/div>\n\t\t\t\t<div class=\"elementor-element elementor-element-f65ff54 elementor-widget-divider--view-line elementor-widget elementor-widget-divider\" data-id=\"f65ff54\" data-element_type=\"widget\" data-widget_type=\"divider.default\">\n\t\t\t\t<div class=\"elementor-widget-container\">\n\t\t\t\t\t\t\t<div class=\"elementor-divider\">\n\t\t\t<span class=\"elementor-divider-separator\">\n\t\t\t\t\t\t<\/span>\n\t\t<\/div>\n\t\t\t\t\t\t<\/div>\n\t\t\t\t<\/div>\n\t\t<div class=\"elementor-element elementor-element-0219092 e-grid e-con-full e-con e-child\" data-id=\"0219092\" data-element_type=\"container\">\n\t\t<div class=\"elementor-element elementor-element-47b0556 e-con-full e-flex elementor-invisible e-con e-child\" data-id=\"47b0556\" data-element_type=\"container\" data-settings=\"{&quot;animation&quot;:&quot;fadeInUp&quot;}\">\n\t\t\t\t<div class=\"elementor-element elementor-element-3e517af elementor-widget elementor-widget-heading\" data-id=\"3e517af\" data-element_type=\"widget\" data-widget_type=\"heading.default\">\n\t\t\t\t<div class=\"elementor-widget-container\">\n\t\t\t\t\t<h5 class=\"elementor-heading-title elementor-size-default\">001<\/h5>\t\t\t\t<\/div>\n\t\t\t\t<\/div>\n\t\t\t\t<div class=\"elementor-element elementor-element-2fe1f0a elementor-widget elementor-widget-heading\" data-id=\"2fe1f0a\" data-element_type=\"widget\" data-widget_type=\"heading.default\">\n\t\t\t\t<div class=\"elementor-widget-container\">\n\t\t\t\t\t<h5 class=\"elementor-heading-title elementor-size-default\"><strong data-start=\"125\" data-end=\"163\">Selecci\u00f3n del material ideal<\/strong><\/h5>\t\t\t\t<\/div>\n\t\t\t\t<\/div>\n\t\t\t\t<div class=\"elementor-element elementor-element-8f16f93 elementor-widget elementor-widget-text-editor\" data-id=\"8f16f93\" data-element_type=\"widget\" data-widget_type=\"text-editor.default\">\n\t\t\t\t<div class=\"elementor-widget-container\">\n\t\t\t\t\t\t\t\t\t<p>Elija los productos adecuados para su proyecto junto con nuestros especialistas.<\/p>\t\t\t\t\t\t\t\t<\/div>\n\t\t\t\t<\/div>\n\t\t\t\t<\/div>\n\t\t<div class=\"elementor-element elementor-element-c83e2cd e-con-full e-flex elementor-invisible e-con e-child\" data-id=\"c83e2cd\" data-element_type=\"container\" data-settings=\"{&quot;animation&quot;:&quot;fadeInUp&quot;,&quot;animation_delay&quot;:150}\">\n\t\t\t\t<div class=\"elementor-element elementor-element-acebafd elementor-widget elementor-widget-heading\" data-id=\"acebafd\" data-element_type=\"widget\" data-widget_type=\"heading.default\">\n\t\t\t\t<div class=\"elementor-widget-container\">\n\t\t\t\t\t<h5 class=\"elementor-heading-title elementor-size-default\">002<\/h5>\t\t\t\t<\/div>\n\t\t\t\t<\/div>\n\t\t\t\t<div class=\"elementor-element elementor-element-8659b9c elementor-widget elementor-widget-heading\" data-id=\"8659b9c\" data-element_type=\"widget\" data-widget_type=\"heading.default\">\n\t\t\t\t<div class=\"elementor-widget-container\">\n\t\t\t\t\t<h5 class=\"elementor-heading-title elementor-size-default\"><b>Presupuesto personalizado<\/b><\/h5>\t\t\t\t<\/div>\n\t\t\t\t<\/div>\n\t\t\t\t<div class=\"elementor-element elementor-element-cd293fc elementor-widget elementor-widget-text-editor\" data-id=\"cd293fc\" data-element_type=\"widget\" data-widget_type=\"text-editor.default\">\n\t\t\t\t<div class=\"elementor-widget-container\">\n\t\t\t\t\t\t\t\t\t<p data-start=\"241\" data-end=\"333\">Reciba precios y, si es necesario, presupuestos de log\u00edstica internacional.<\/p><p data-start=\"335\" data-end=\"458\" data-is-last-node=\"\" data-is-only-node=\"\">\u00a0<\/p>\t\t\t\t\t\t\t\t<\/div>\n\t\t\t\t<\/div>\n\t\t\t\t<\/div>\n\t\t<div class=\"elementor-element elementor-element-424d501 e-con-full e-flex elementor-invisible e-con e-child\" data-id=\"424d501\" data-element_type=\"container\" data-settings=\"{&quot;animation&quot;:&quot;fadeInUp&quot;,&quot;animation_delay&quot;:300}\">\n\t\t\t\t<div class=\"elementor-element elementor-element-d3c0d2b elementor-widget elementor-widget-heading\" data-id=\"d3c0d2b\" data-element_type=\"widget\" data-widget_type=\"heading.default\">\n\t\t\t\t<div class=\"elementor-widget-container\">\n\t\t\t\t\t<h5 class=\"elementor-heading-title elementor-size-default\">003<\/h5>\t\t\t\t<\/div>\n\t\t\t\t<\/div>\n\t\t\t\t<div class=\"elementor-element elementor-element-188d0f1 elementor-widget elementor-widget-heading\" data-id=\"188d0f1\" data-element_type=\"widget\" data-widget_type=\"heading.default\">\n\t\t\t\t<div class=\"elementor-widget-container\">\n\t\t\t\t\t<h5 class=\"elementor-heading-title elementor-size-default\"><b> Preparaci\u00f3n y entrega<\/b><\/h5>\t\t\t\t<\/div>\n\t\t\t\t<\/div>\n\t\t\t\t<div class=\"elementor-element elementor-element-8f83e48 elementor-widget elementor-widget-text-editor\" data-id=\"8f83e48\" data-element_type=\"widget\" data-widget_type=\"text-editor.default\">\n\t\t\t\t<div class=\"elementor-widget-container\">\n\t\t\t\t\t\t\t\t\t<p>Coordinamos el env\u00edo desde China, con opci\u00f3n FOB o entrega final en su pa\u00eds.<\/p>\t\t\t\t\t\t\t\t<\/div>\n\t\t\t\t<\/div>\n\t\t\t\t<\/div>\n\t\t\t\t<\/div>\n\t\t\t\t\t<\/div>\n\t\t\t\t<\/div>\n\t\t<div class=\"elementor-element elementor-element-4a00b7e6 e-flex e-con-boxed e-con e-parent\" data-id=\"4a00b7e6\" data-element_type=\"container\" data-settings=\"{&quot;background_background&quot;:&quot;classic&quot;}\">\n\t\t\t\t\t<div class=\"e-con-inner\">\n\t\t<div class=\"elementor-element elementor-element-6b0962f7 e-con-full e-flex e-con e-child\" data-id=\"6b0962f7\" data-element_type=\"container\">\n\t\t\t\t<div class=\"elementor-element elementor-element-7daf5afc elementor-invisible elementor-widget elementor-widget-heading\" data-id=\"7daf5afc\" data-element_type=\"widget\" data-settings=\"{&quot;_animation&quot;:&quot;fadeInUp&quot;}\" data-widget_type=\"heading.default\">\n\t\t\t\t<div class=\"elementor-widget-container\">\n\t\t\t\t\t<h2 class=\"elementor-heading-title elementor-size-default\">Sourcing Especializado para Constructoras y Desarrollistas<\/h2>\t\t\t\t<\/div>\n\t\t\t\t<\/div>\n\t\t<div class=\"elementor-element elementor-element-5f1dee83 e-con-full e-flex e-con e-child\" data-id=\"5f1dee83\" data-element_type=\"container\">\n\t\t<div class=\"elementor-element elementor-element-327b36b2 e-con-full e-flex e-con e-child\" data-id=\"327b36b2\" data-element_type=\"container\">\n\t\t\t\t<div class=\"elementor-element elementor-element-210e51b elementor-invisible elementor-widget elementor-widget-heading\" data-id=\"210e51b\" data-element_type=\"widget\" data-settings=\"{&quot;_animation&quot;:&quot;fadeInUp&quot;}\" data-widget_type=\"heading.default\">\n\t\t\t\t<div class=\"elementor-widget-container\">\n\t\t\t\t\t<h6 class=\"elementor-heading-title elementor-size-default\">CHINA VERIFIER<\/h6>\t\t\t\t<\/div>\n\t\t\t\t<\/div>\n\t\t\t\t<\/div>\n\t\t<div class=\"elementor-element elementor-element-467a2478 e-con-full e-flex e-con e-child\" data-id=\"467a2478\" data-element_type=\"container\">\n\t\t\t\t<div class=\"elementor-element elementor-element-7e41b3ba elementor-invisible elementor-widget elementor-widget-text-editor\" data-id=\"7e41b3ba\" data-element_type=\"widget\" data-settings=\"{&quot;_animation&quot;:&quot;fadeInUp&quot;,&quot;_animation_delay&quot;:150}\" data-widget_type=\"text-editor.default\">\n\t\t\t\t<div class=\"elementor-widget-container\">\n\t\t\t\t\t\t\t\t\t<p>Evolven se especializa en abastecer materiales de construcci\u00f3n directamente de fabricantes chinos confiables\u2014decking, pisos, revestimientos y m\u00e1s. Todos los proveedores est\u00e1n verificados a trav\u00e9s de China Verifier, garantizando cumplimiento, calidad y trazabilidad completa desde la f\u00e1brica hasta la obra.<\/p>\t\t\t\t\t\t\t\t<\/div>\n\t\t\t\t<\/div>\n\t\t\t\t<\/div>\n\t\t\t\t<\/div>\n\t\t\t\t<\/div>\n\t\t<div class=\"elementor-element elementor-element-18fbdd7c e-con-full e-flex e-con e-child\" data-id=\"18fbdd7c\" data-element_type=\"container\">\n\t\t\t\t<div class=\"elementor-element elementor-element-642458d5 elementor-arrows-position-inside elementor-invisible elementor-widget elementor-widget-image-carousel\" data-id=\"642458d5\" data-element_type=\"widget\" data-settings=\"{&quot;slides_to_show&quot;:&quot;1&quot;,&quot;navigation&quot;:&quot;arrows&quot;,&quot;speed&quot;:400,&quot;_animation&quot;:&quot;fadeInUp&quot;,&quot;autoplay&quot;:&quot;yes&quot;,&quot;pause_on_hover&quot;:&quot;yes&quot;,&quot;pause_on_interaction&quot;:&quot;yes&quot;,&quot;autoplay_speed&quot;:5000,&quot;infinite&quot;:&quot;yes&quot;,&quot;effect&quot;:&quot;slide&quot;}\" data-widget_type=\"image-carousel.default\">\n\t\t\t\t<div class=\"elementor-widget-container\">\n\t\t\t\t\t\t\t<div class=\"elementor-image-carousel-wrapper swiper\" role=\"region\" aria-roledescription=\"carousel\" aria-label=\"Image Carousel\" dir=\"ltr\">\n\t\t\t<div class=\"elementor-image-carousel swiper-wrapper\" aria-live=\"off\">\n\t\t\t\t\t\t\t\t<div class=\"swiper-slide\" role=\"group\" aria-roledescription=\"slide\" aria-label=\"1 de 1\"><figure class=\"swiper-slide-inner\"><img decoding=\"async\" class=\"swiper-slide-image\" src=\"https:\/\/evolvenmaterials.com\/wp-content\/uploads\/2025\/07\/china-verifier-y-evolven.webp\" alt=\"china verifier y evolven\" \/><\/figure><\/div>\t\t\t<\/div>\n\t\t\t\t\t<\/div>\n\t\t\t\t\t\t<\/div>\n\t\t\t\t<\/div>\n\t\t\t\t<\/div>\n\t\t\t\t\t<\/div>\n\t\t\t\t<\/div>\n\t\t<div class=\"elementor-element elementor-element-26966873 e-flex e-con-boxed e-con e-parent\" data-id=\"26966873\" data-element_type=\"container\" data-settings=\"{&quot;background_background&quot;:&quot;classic&quot;}\">\n\t\t\t\t\t<div class=\"e-con-inner\">\n\t\t<div class=\"elementor-element elementor-element-381dbb58 e-con-full e-flex elementor-invisible e-con e-child\" data-id=\"381dbb58\" data-element_type=\"container\" data-settings=\"{&quot;animation&quot;:&quot;fadeInUp&quot;}\">\n\t\t\t\t<div class=\"elementor-element elementor-element-27826127 elementor-invisible elementor-widget elementor-widget-counter\" data-id=\"27826127\" data-element_type=\"widget\" data-settings=\"{&quot;_animation&quot;:&quot;fadeInUp&quot;}\" data-widget_type=\"counter.default\">\n\t\t\t\t<div class=\"elementor-widget-container\">\n\t\t\t\t\t\t\t<div class=\"elementor-counter\">\n\t\t\t\t\t\t<div class=\"elementor-counter-number-wrapper\">\n\t\t\t\t<span class=\"elementor-counter-number-prefix\"><\/span>\n\t\t\t\t<span class=\"elementor-counter-number\" data-duration=\"2000\" data-to-value=\"300\" data-from-value=\"0\" data-delimiter=\",\">0<\/span>\n\t\t\t\t<span class=\"elementor-counter-number-suffix\">+<\/span>\n\t\t\t<\/div>\n\t\t<\/div>\n\t\t\t\t\t\t<\/div>\n\t\t\t\t<\/div>\n\t\t\t\t<div class=\"elementor-element elementor-element-73cf5b80 elementor-invisible elementor-widget elementor-widget-heading\" data-id=\"73cf5b80\" data-element_type=\"widget\" data-settings=\"{&quot;_animation&quot;:&quot;fadeInUp&quot;,&quot;_animation_delay&quot;:100}\" data-widget_type=\"heading.default\">\n\t\t\t\t<div class=\"elementor-widget-container\">\n\t\t\t\t\t<p class=\"elementor-heading-title elementor-size-default\">Materiales de Construcci\u00f3n<\/p>\t\t\t\t<\/div>\n\t\t\t\t<\/div>\n\t\t\t\t<\/div>\n\t\t<div class=\"elementor-element elementor-element-38153b04 e-con-full e-flex elementor-invisible e-con e-child\" data-id=\"38153b04\" data-element_type=\"container\" data-settings=\"{&quot;animation&quot;:&quot;fadeInUp&quot;}\">\n\t\t\t\t<div class=\"elementor-element elementor-element-4da6071c elementor-invisible elementor-widget elementor-widget-counter\" data-id=\"4da6071c\" data-element_type=\"widget\" data-settings=\"{&quot;_animation&quot;:&quot;fadeInUp&quot;}\" data-widget_type=\"counter.default\">\n\t\t\t\t<div class=\"elementor-widget-container\">\n\t\t\t\t\t\t\t<div class=\"elementor-counter\">\n\t\t\t\t\t\t<div class=\"elementor-counter-number-wrapper\">\n\t\t\t\t<span class=\"elementor-counter-number-prefix\"><\/span>\n\t\t\t\t<span class=\"elementor-counter-number\" data-duration=\"2000\" data-to-value=\"60\" data-from-value=\"0\" data-delimiter=\",\">0<\/span>\n\t\t\t\t<span class=\"elementor-counter-number-suffix\">+<\/span>\n\t\t\t<\/div>\n\t\t<\/div>\n\t\t\t\t\t\t<\/div>\n\t\t\t\t<\/div>\n\t\t\t\t<div class=\"elementor-element elementor-element-42bc7b5b elementor-invisible elementor-widget elementor-widget-heading\" data-id=\"42bc7b5b\" data-element_type=\"widget\" data-settings=\"{&quot;_animation&quot;:&quot;fadeInUp&quot;,&quot;_animation_delay&quot;:100}\" data-widget_type=\"heading.default\">\n\t\t\t\t<div class=\"elementor-widget-container\">\n\t\t\t\t\t<p class=\"elementor-heading-title elementor-size-default\">F\u00e1bricas Verificadas<\/p>\t\t\t\t<\/div>\n\t\t\t\t<\/div>\n\t\t\t\t<\/div>\n\t\t<div class=\"elementor-element elementor-element-206a9b8c e-con-full e-flex elementor-invisible e-con e-child\" data-id=\"206a9b8c\" data-element_type=\"container\" data-settings=\"{&quot;animation&quot;:&quot;fadeInUp&quot;}\">\n\t\t\t\t<div class=\"elementor-element elementor-element-151a3a71 elementor-invisible elementor-widget elementor-widget-counter\" data-id=\"151a3a71\" data-element_type=\"widget\" data-settings=\"{&quot;_animation&quot;:&quot;fadeInUp&quot;}\" data-widget_type=\"counter.default\">\n\t\t\t\t<div class=\"elementor-widget-container\">\n\t\t\t\t\t\t\t<div class=\"elementor-counter\">\n\t\t\t\t\t\t<div class=\"elementor-counter-number-wrapper\">\n\t\t\t\t<span class=\"elementor-counter-number-prefix\"><\/span>\n\t\t\t\t<span class=\"elementor-counter-number\" data-duration=\"2000\" data-to-value=\"18\" data-from-value=\"0\" data-delimiter=\",\">0<\/span>\n\t\t\t\t<span class=\"elementor-counter-number-suffix\">+<\/span>\n\t\t\t<\/div>\n\t\t<\/div>\n\t\t\t\t\t\t<\/div>\n\t\t\t\t<\/div>\n\t\t\t\t<div class=\"elementor-element elementor-element-1e3d493b elementor-invisible elementor-widget elementor-widget-heading\" data-id=\"1e3d493b\" data-element_type=\"widget\" data-settings=\"{&quot;_animation&quot;:&quot;fadeInUp&quot;,&quot;_animation_delay&quot;:100}\" data-widget_type=\"heading.default\">\n\t\t\t\t<div class=\"elementor-widget-container\">\n\t\t\t\t\t<p class=\"elementor-heading-title elementor-size-default\">Pa\u00edses Exportados<\/p>\t\t\t\t<\/div>\n\t\t\t\t<\/div>\n\t\t\t\t<\/div>\n\t\t\t\t\t<\/div>\n\t\t\t\t<\/div>\n\t\t\t\t<\/div>","protected":false},"excerpt":{"rendered":"<p>OUR SPECIAL SERVICE Your Supply Partner in Construction Materials We help you source construction materials directly from China\u2014efficiently, securely, and tailored to your project\u2019s specifications, deadlines, and design requirements. Construction-FocusedWe only source materials used in residential, commercial, and infrastructure construction. Direct From FactoriesWe work with vetted manufacturers across China to ensure product reliability and cost-efficiency. [&hellip;]<\/p>","protected":false},"author":2,"featured_media":0,"parent":0,"menu_order":0,"comment_status":"closed","ping_status":"closed","template":"elementor_header_footer","meta":{"footnotes":""},"class_list":["post-10195","page","type-page","status-publish","hentry"],"_links":{"self":[{"href":"https:\/\/evolvenmaterials.com\/es\/wp-json\/wp\/v2\/pages\/10195","targetHints":{"allow":["GET"]}}],"collection":[{"href":"https:\/\/evolvenmaterials.com\/es\/wp-json\/wp\/v2\/pages"}],"about":[{"href":"https:\/\/evolvenmaterials.com\/es\/wp-json\/wp\/v2\/types\/page"}],"author":[{"embeddable":true,"href":"https:\/\/evolvenmaterials.com\/es\/wp-json\/wp\/v2\/users\/2"}],"replies":[{"embeddable":true,"href":"https:\/\/evolvenmaterials.com\/es\/wp-json\/wp\/v2\/comments?post=10195"}],"version-history":[{"count":25,"href":"https:\/\/evolvenmaterials.com\/es\/wp-json\/wp\/v2\/pages\/10195\/revisions"}],"predecessor-version":[{"id":10531,"href":"https:\/\/evolvenmaterials.com\/es\/wp-json\/wp\/v2\/pages\/10195\/revisions\/10531"}],"wp:attachment":[{"href":"https:\/\/evolvenmaterials.com\/es\/wp-json\/wp\/v2\/media?parent=10195"}],"curies":[{"name":"wp","href":"https:\/\/api.w.org\/{rel}","templated":true}]}}