{"id":10239,"date":"2025-08-01T12:49:57","date_gmt":"2025-08-01T12:49:57","guid":{"rendered":"https:\/\/evolvenmaterials.com\/?page_id=10239"},"modified":"2025-10-10T17:52:54","modified_gmt":"2025-10-10T17:52:54","slug":"flooring","status":"publish","type":"page","link":"https:\/\/evolvenmaterials.com\/es\/flooring\/","title":{"rendered":"Pisos"},"content":{"rendered":"<div data-elementor-type=\"wp-page\" data-elementor-id=\"10239\" class=\"elementor elementor-10239\" data-elementor-post-type=\"page\">\n\t\t\t\t<div class=\"elementor-element elementor-element-1a505be e-flex e-con-boxed e-con e-parent\" data-id=\"1a505be\" data-element_type=\"container\">\n\t\t\t\t\t<div class=\"e-con-inner\">\n\t\t\t\t<div class=\"elementor-element elementor-element-ec65956 elementor-invisible elementor-widget elementor-widget-heading\" data-id=\"ec65956\" data-element_type=\"widget\" data-settings=\"{&quot;_animation&quot;:&quot;fadeInUp&quot;}\" data-widget_type=\"heading.default\">\n\t\t\t\t<div class=\"elementor-widget-container\">\n\t\t\t\t\t<h6 class=\"elementor-heading-title elementor-size-default\">EXPLORE ALL THE SERIES<\/h6>\t\t\t\t<\/div>\n\t\t\t\t<\/div>\n\t\t\t\t<div class=\"elementor-element elementor-element-ff1fb01 elementor-widget__width-initial elementor-widget-mobile__width-inherit elementor-invisible elementor-widget elementor-widget-heading\" data-id=\"ff1fb01\" data-element_type=\"widget\" data-settings=\"{&quot;_animation&quot;:&quot;fadeInUp&quot;}\" data-widget_type=\"heading.default\">\n\t\t\t\t<div class=\"elementor-widget-container\">\n\t\t\t\t\t<h2 class=\"elementor-heading-title elementor-size-default\">Nuestros Materiales<\/h2>\t\t\t\t<\/div>\n\t\t\t\t<\/div>\n\t\t<div class=\"elementor-element elementor-element-743d56c e-grid e-con-full e-con e-child\" data-id=\"743d56c\" data-element_type=\"container\">\n\t\t<div class=\"elementor-element elementor-element-9fb0222 e-con-full e-flex elementor-invisible e-con e-child\" data-id=\"9fb0222\" data-element_type=\"container\" data-settings=\"{&quot;background_background&quot;:&quot;classic&quot;,&quot;animation&quot;:&quot;fadeInUp&quot;}\">\n\t\t\t\t<div class=\"elementor-element elementor-element-32b6ffb elementor-widget elementor-widget-image\" data-id=\"32b6ffb\" data-element_type=\"widget\" data-widget_type=\"image.default\">\n\t\t\t\t<div class=\"elementor-widget-container\">\n\t\t\t\t\t\t\t\t\t\t\t\t\t\t\t\t<a href=\"#\">\n\t\t\t\t\t\t\t<img fetchpriority=\"high\" decoding=\"async\" width=\"480\" height=\"480\" src=\"https:\/\/evolvenmaterials.com\/wp-content\/uploads\/2025\/08\/SPC-Flooring.jpg\" class=\"attachment-full size-full wp-image-10311\" alt=\"\" srcset=\"https:\/\/evolvenmaterials.com\/wp-content\/uploads\/2025\/08\/SPC-Flooring.jpg 480w, https:\/\/evolvenmaterials.com\/wp-content\/uploads\/2025\/08\/SPC-Flooring-300x300.jpg 300w, https:\/\/evolvenmaterials.com\/wp-content\/uploads\/2025\/08\/SPC-Flooring-150x150.jpg 150w, https:\/\/evolvenmaterials.com\/wp-content\/uploads\/2025\/08\/SPC-Flooring-100x100.jpg 100w\" sizes=\"(max-width: 480px) 100vw, 480px\" \/>\t\t\t\t\t\t\t\t<\/a>\n\t\t\t\t\t\t\t\t\t\t\t\t\t\t\t<\/div>\n\t\t\t\t<\/div>\n\t\t\t\t<div class=\"elementor-element elementor-element-adad2e0 elementor-absolute elementor-widget elementor-widget-heading\" data-id=\"adad2e0\" data-element_type=\"widget\" data-settings=\"{&quot;_position&quot;:&quot;absolute&quot;}\" data-widget_type=\"heading.default\">\n\t\t\t\t<div class=\"elementor-widget-container\">\n\t\t\t\t\t<h6 class=\"elementor-heading-title elementor-size-default\">New<\/h6>\t\t\t\t<\/div>\n\t\t\t\t<\/div>\n\t\t<div class=\"elementor-element elementor-element-15fce51 e-con-full e-flex e-con e-child\" data-id=\"15fce51\" data-element_type=\"container\">\n\t\t\t\t<div class=\"elementor-element elementor-element-5aeb1bc elementor-widget elementor-widget-heading\" data-id=\"5aeb1bc\" data-element_type=\"widget\" data-widget_type=\"heading.default\">\n\t\t\t\t<div class=\"elementor-widget-container\">\n\t\t\t\t\t<h5 class=\"elementor-heading-title elementor-size-default\"><a href=\"#\">Piso SPC \u2013 Composici\u00f3n Piedra y Pl\u00e1stico<\/a><\/h5>\t\t\t\t<\/div>\n\t\t\t\t<\/div>\n\t\t\t\t<div class=\"elementor-element elementor-element-160e9eb elementor-widget elementor-widget-text-editor\" data-id=\"160e9eb\" data-element_type=\"widget\" data-widget_type=\"text-editor.default\">\n\t\t\t\t<div class=\"elementor-widget-container\">\n\t\t\t\t\t\t\t\t\t<p data-start=\"170\" data-end=\"629\">El SPC (Stone Plastic Composite) es un piso vin\u00edlico r\u00edgido de \u00faltima generaci\u00f3n fabricado a partir de una mezcla de polvo de piedra caliza, PVC y estabilizantes. Reconocido por su excepcional estabilidad dimensional, durabilidad y resistencia al agua, el SPC es ideal tanto para entornos residenciales como comerciales. Su n\u00facleo denso lo hace extremadamente resistente a impactos y a fluctuaciones de temperatura, mientras que el sistema de instalaci\u00f3n con clic permite un montaje r\u00e1pido y sin adhesivo.<\/p><p data-start=\"631\" data-end=\"648\"><strong data-start=\"631\" data-end=\"648\">Caracter\u00edsticas clave:<\/strong><\/p><ul data-start=\"649\" data-end=\"1111\"><li data-start=\"649\" data-end=\"724\"><p data-start=\"651\" data-end=\"724\" class=\"translation-block\">Composici\u00f3n del n\u00facleo: piedra caliza (carbonato de calcio) + PVC + estabilizantes<\/p><\/li><li data-start=\"725\" data-end=\"783\"><p data-start=\"727\" data-end=\"783\"><strong data-start=\"727\" data-end=\"741\">Espesor:<\/strong> t\u00edpicamente 4\u20136 mm (incluida la capa de desgaste)<\/p><\/li><li data-start=\"784\" data-end=\"808\"><p data-start=\"786\" data-end=\"808\"><strong data-start=\"786\" data-end=\"801\">Impermeabilidad:<\/strong> 100%<\/p><\/li><li data-start=\"809\" data-end=\"883\"><p data-start=\"811\" data-end=\"883\"><strong data-start=\"811\" data-end=\"823\">Superficie:<\/strong> capa de desgaste con recubrimiento UV y textura realista de madera o piedra<\/p><\/li><li data-start=\"884\" data-end=\"940\"><p data-start=\"886\" data-end=\"940\"><strong data-start=\"886\" data-end=\"903\">Instalaci\u00f3n:<\/strong> sistema click-lock (piso flotante)<\/p><\/li><li data-start=\"941\" data-end=\"1019\"><p data-start=\"943\" data-end=\"1019\"><strong data-start=\"943\" data-end=\"960\">Aplicaciones:<\/strong> Kitchens, bathrooms, retail, offices, high-traffic areas<\/p><\/li><li data-start=\"1020\" data-end=\"1111\"><p data-start=\"1022\" data-end=\"1111\"><strong data-start=\"1022\" data-end=\"1037\">Ventajas:<\/strong> r\u00edgido, resistente a abolladuras, impermeable, de bajo mantenimiento, estable a la luz solar\u00a0<\/p><\/li><\/ul>\t\t\t\t\t\t\t\t<\/div>\n\t\t\t\t<\/div>\n\t\t\t\t<div class=\"elementor-element elementor-element-a4b9fbd elementor-widget-divider--view-line elementor-widget elementor-widget-divider\" data-id=\"a4b9fbd\" data-element_type=\"widget\" data-widget_type=\"divider.default\">\n\t\t\t\t<div class=\"elementor-widget-container\">\n\t\t\t\t\t\t\t<div class=\"elementor-divider\">\n\t\t\t<span class=\"elementor-divider-separator\">\n\t\t\t\t\t\t<\/span>\n\t\t<\/div>\n\t\t\t\t\t\t<\/div>\n\t\t\t\t<\/div>\n\t\t<div class=\"elementor-element elementor-element-9751984 e-con-full e-flex e-con e-child\" data-id=\"9751984\" data-element_type=\"container\">\n\t\t\t\t<div class=\"elementor-element elementor-element-8420a76 elementor-align-right elementor-widget__width-initial elementor-tablet-align-left elementor-mobile-align-right elementor-widget-tablet__width-inherit elementor-widget-mobile__width-initial elementor-invisible elementor-widget elementor-widget-button\" data-id=\"8420a76\" data-element_type=\"widget\" data-settings=\"{&quot;_animation&quot;:&quot;fadeInUp&quot;}\" data-widget_type=\"button.default\">\n\t\t\t\t<div class=\"elementor-widget-container\">\n\t\t\t\t\t\t\t\t\t<div class=\"elementor-button-wrapper\">\n\t\t\t\t\t<a class=\"elementor-button elementor-button-link elementor-size-sm\" href=\"https:\/\/drive.google.com\/file\/d\/1dGhZBvlHAFt0oIL-HWgkflM8JZsOD3ml\/view?usp=sharing\">\n\t\t\t\t\t\t<span class=\"elementor-button-content-wrapper\">\n\t\t\t\t\t\t<span class=\"elementor-button-icon\">\n\t\t\t\t<i aria-hidden=\"true\" class=\"fas fa-arrow-down\"><\/i>\t\t\t<\/span>\n\t\t\t\t\t\t\t\t\t<span class=\"elementor-button-text\">Descarga el Cat\u00e1logo<\/span>\n\t\t\t\t\t<\/span>\n\t\t\t\t\t<\/a>\n\t\t\t\t<\/div>\n\t\t\t\t\t\t\t\t<\/div>\n\t\t\t\t<\/div>\n\t\t\t\t<\/div>\n\t\t\t\t<\/div>\n\t\t\t\t<\/div>\n\t\t<div class=\"elementor-element elementor-element-3de2745 e-con-full e-flex elementor-invisible e-con e-child\" data-id=\"3de2745\" data-element_type=\"container\" data-settings=\"{&quot;background_background&quot;:&quot;classic&quot;,&quot;animation&quot;:&quot;fadeInUp&quot;,&quot;animation_delay&quot;:250}\">\n\t\t\t\t<div class=\"elementor-element elementor-element-61af69b elementor-widget elementor-widget-image\" data-id=\"61af69b\" data-element_type=\"widget\" data-widget_type=\"image.default\">\n\t\t\t\t<div class=\"elementor-widget-container\">\n\t\t\t\t\t\t\t\t\t\t\t\t\t\t\t\t<a href=\"#\">\n\t\t\t\t\t\t\t<img decoding=\"async\" width=\"500\" height=\"500\" src=\"https:\/\/evolvenmaterials.com\/wp-content\/uploads\/2025\/08\/wpc-flooring-500x500-1.webp\" class=\"attachment-full size-full wp-image-10313\" alt=\"\" srcset=\"https:\/\/evolvenmaterials.com\/wp-content\/uploads\/2025\/08\/wpc-flooring-500x500-1.webp 500w, https:\/\/evolvenmaterials.com\/wp-content\/uploads\/2025\/08\/wpc-flooring-500x500-1-300x300.webp 300w, https:\/\/evolvenmaterials.com\/wp-content\/uploads\/2025\/08\/wpc-flooring-500x500-1-150x150.webp 150w, https:\/\/evolvenmaterials.com\/wp-content\/uploads\/2025\/08\/wpc-flooring-500x500-1-100x100.webp 100w\" sizes=\"(max-width: 500px) 100vw, 500px\" \/>\t\t\t\t\t\t\t\t<\/a>\n\t\t\t\t\t\t\t\t\t\t\t\t\t\t\t<\/div>\n\t\t\t\t<\/div>\n\t\t<div class=\"elementor-element elementor-element-09750ea e-con-full e-flex e-con e-child\" data-id=\"09750ea\" data-element_type=\"container\">\n\t\t\t\t<div class=\"elementor-element elementor-element-09ed74c elementor-widget elementor-widget-heading\" data-id=\"09ed74c\" data-element_type=\"widget\" data-widget_type=\"heading.default\">\n\t\t\t\t<div class=\"elementor-widget-container\">\n\t\t\t\t\t<h5 class=\"elementor-heading-title elementor-size-default\"><a href=\"#\">Piso WPC \u2013 Composici\u00f3n Madera y Pl\u00e1stico<\/a><\/h5>\t\t\t\t<\/div>\n\t\t\t\t<\/div>\n\t\t\t\t<div class=\"elementor-element elementor-element-f3fac7e elementor-widget elementor-widget-text-editor\" data-id=\"f3fac7e\" data-element_type=\"widget\" data-widget_type=\"text-editor.default\">\n\t\t\t\t<div class=\"elementor-widget-container\">\n\t\t\t\t\t\t\t\t\t<p data-start=\"1169\" data-end=\"1559\">El piso WPC (Wood Plastic Composite) es un producto de ingenier\u00eda h\u00edbrido elaborado combinando fibras de madera, pol\u00edmeros pl\u00e1sticos y agentes espumantes. El resultado es un n\u00facleo impermeable con una sensaci\u00f3n m\u00e1s suave y c\u00f3moda al caminar, en comparaci\u00f3n con el SPC. El WPC es ideal para aplicaciones residenciales donde el confort, el aislamiento ac\u00fastico y la facilidad de instalaci\u00f3n son factores clave.<\/p><p data-start=\"1561\" data-end=\"1578\"><strong data-start=\"1561\" data-end=\"1578\">Caracter\u00edsticas clave:<\/strong><\/p><ul data-start=\"1579\" data-end=\"2045\"><li data-start=\"1579\" data-end=\"1638\"><p data-start=\"1581\" data-end=\"1638\"><strong data-start=\"1581\" data-end=\"1602\">Core Composition:<\/strong> Polvo de madera + PVC + Aditivos<\/p><\/li><li data-start=\"1639\" data-end=\"1697\"><p data-start=\"1641\" data-end=\"1697\"><strong data-start=\"1641\" data-end=\"1655\">Espesor:<\/strong> t\u00edpicamente 6\u20138 mm (incluida la capa de desgaste)<\/p><\/li><li data-start=\"1698\" data-end=\"1750\"><p data-start=\"1700\" data-end=\"1750\"><strong data-start=\"1700\" data-end=\"1715\">Impermeabilidad:<\/strong> S\u00ed (el n\u00facleo es resistente a la humedad)<\/p><\/li><li data-start=\"1751\" data-end=\"1816\"><p data-start=\"1753\" data-end=\"1816\"><strong data-start=\"1753\" data-end=\"1765\">Superficie:<\/strong> capa vin\u00edlica texturizada con apariencia realista de madera<\/p><\/li><li data-start=\"1817\" data-end=\"1873\"><p data-start=\"1819\" data-end=\"1873\"><strong data-start=\"1819\" data-end=\"1836\">Instalaci\u00f3n:<\/strong> sistema click-lock (piso flotante)<\/p><\/li><li data-start=\"1874\" data-end=\"1957\"><p data-start=\"1876\" data-end=\"1957\"><strong data-start=\"1876\" data-end=\"1893\">Aplicaciones:<\/strong> salas de estar, dormitorios, cocinas y espacios comerciales ligeros<\/p><\/li><li data-start=\"1958\" data-end=\"2045\"><p data-start=\"1960\" data-end=\"2045\"><strong data-start=\"1960\" data-end=\"1975\">Ventajas:<\/strong> c\u00e1lido al pisar, m\u00e1s silencioso, f\u00e1cil de instalar y adecuado para subsuelos irregulares<\/p><\/li><\/ul>\t\t\t\t\t\t\t\t<\/div>\n\t\t\t\t<\/div>\n\t\t\t\t<div class=\"elementor-element elementor-element-c065487 elementor-widget-divider--view-line elementor-widget elementor-widget-divider\" data-id=\"c065487\" data-element_type=\"widget\" data-widget_type=\"divider.default\">\n\t\t\t\t<div class=\"elementor-widget-container\">\n\t\t\t\t\t\t\t<div class=\"elementor-divider\">\n\t\t\t<span class=\"elementor-divider-separator\">\n\t\t\t\t\t\t<\/span>\n\t\t<\/div>\n\t\t\t\t\t\t<\/div>\n\t\t\t\t<\/div>\n\t\t<div class=\"elementor-element elementor-element-ef8fdfb e-con-full e-flex e-con e-child\" data-id=\"ef8fdfb\" data-element_type=\"container\">\n\t\t\t\t<div class=\"elementor-element elementor-element-6efe3f3 elementor-align-right elementor-widget__width-initial elementor-tablet-align-left elementor-mobile-align-right elementor-widget-tablet__width-inherit elementor-widget-mobile__width-initial elementor-invisible elementor-widget elementor-widget-button\" data-id=\"6efe3f3\" data-element_type=\"widget\" data-settings=\"{&quot;_animation&quot;:&quot;fadeInUp&quot;}\" data-widget_type=\"button.default\">\n\t\t\t\t<div class=\"elementor-widget-container\">\n\t\t\t\t\t\t\t\t\t<div class=\"elementor-button-wrapper\">\n\t\t\t\t\t<a class=\"elementor-button elementor-button-link elementor-size-sm\" href=\"https:\/\/drive.google.com\/file\/d\/1dGhZBvlHAFt0oIL-HWgkflM8JZsOD3ml\/view?usp=sharing\">\n\t\t\t\t\t\t<span class=\"elementor-button-content-wrapper\">\n\t\t\t\t\t\t<span class=\"elementor-button-icon\">\n\t\t\t\t<i aria-hidden=\"true\" class=\"fas fa-arrow-down\"><\/i>\t\t\t<\/span>\n\t\t\t\t\t\t\t\t\t<span class=\"elementor-button-text\">Descarga el Cat\u00e1logo<\/span>\n\t\t\t\t\t<\/span>\n\t\t\t\t\t<\/a>\n\t\t\t\t<\/div>\n\t\t\t\t\t\t\t\t<\/div>\n\t\t\t\t<\/div>\n\t\t\t\t<\/div>\n\t\t\t\t<\/div>\n\t\t\t\t<\/div>\n\t\t\t\t<\/div>\n\t\t\t\t\t<\/div>\n\t\t\t\t<\/div>\n\t\t\t\t<\/div>","protected":false},"excerpt":{"rendered":"<p>EXPLORE ALL THE SERIES Our Materials New SPC Flooring \u2013 Stone Plastic Composite SPC (Stone Plastic Composite) is a next-generation rigid vinyl flooring made from a blend of limestone powder, PVC, and stabilizers. Known for its exceptional dimensional stability, durability, and water resistance, SPC is ideal for both residential and commercial environments. Its dense core [&hellip;]<\/p>","protected":false},"author":2,"featured_media":0,"parent":0,"menu_order":0,"comment_status":"closed","ping_status":"closed","template":"elementor_header_footer","meta":{"footnotes":""},"class_list":["post-10239","page","type-page","status-publish","hentry"],"_links":{"self":[{"href":"https:\/\/evolvenmaterials.com\/es\/wp-json\/wp\/v2\/pages\/10239","targetHints":{"allow":["GET"]}}],"collection":[{"href":"https:\/\/evolvenmaterials.com\/es\/wp-json\/wp\/v2\/pages"}],"about":[{"href":"https:\/\/evolvenmaterials.com\/es\/wp-json\/wp\/v2\/types\/page"}],"author":[{"embeddable":true,"href":"https:\/\/evolvenmaterials.com\/es\/wp-json\/wp\/v2\/users\/2"}],"replies":[{"embeddable":true,"href":"https:\/\/evolvenmaterials.com\/es\/wp-json\/wp\/v2\/comments?post=10239"}],"version-history":[{"count":34,"href":"https:\/\/evolvenmaterials.com\/es\/wp-json\/wp\/v2\/pages\/10239\/revisions"}],"predecessor-version":[{"id":10763,"href":"https:\/\/evolvenmaterials.com\/es\/wp-json\/wp\/v2\/pages\/10239\/revisions\/10763"}],"wp:attachment":[{"href":"https:\/\/evolvenmaterials.com\/es\/wp-json\/wp\/v2\/media?parent=10239"}],"curies":[{"name":"wp","href":"https:\/\/api.w.org\/{rel}","templated":true}]}}